{"id":1640,"date":"2024-01-09T19:01:37","date_gmt":"2024-01-09T19:01:37","guid":{"rendered":"http:\/\/web31231595.lab1.almamater.si\/?page_id=1640"},"modified":"2024-01-13T13:15:03","modified_gmt":"2024-01-13T13:15:03","slug":"kontakt","status":"publish","type":"page","link":"https:\/\/web31231595.lab1.almamater.si\/?page_id=1640","title":{"rendered":"Kontakt"},"content":{"rendered":"\n\t<section class=\"section\" id=\"section_1544012914\">\n\t\t<div class=\"bg section-bg fill bg-fill  \" >\n\n\t\t\t\n\t\t\t<div class=\"section-bg-overlay absolute fill\"><\/div>\n\t\t\t\n\n\t\t<\/div>\n\n\t\t\n\n\t\t<div class=\"section-content relative\">\n\t\t\t\n\n<div class=\"container section-title-container\" ><h2 class=\"section-title section-title-center\"><b><\/b><span class=\"section-title-main\" style=\"font-size:126%;color:rgb(245, 129, 32);\">Kontaktiraj nas<\/span><b><\/b><\/h2><\/div>\n\n<div class=\"row row-large align-middle\"  id=\"row-1254293003\">\n\n\n\t<div id=\"col-1877404525\" class=\"col medium-6 small-12 large-6\"  >\n\t\t\t\t<div class=\"col-inner\"  >\n\t\t\t\n\t\t\t\n\n\t<div id=\"text-4157111269\" class=\"text\">\n\t\t\n\n<h2 class=\"uppercase\">pO\u0160LJITE POVPRA\u0160ANJE ZA NA\u0160E IZDELKE ALI STORITVE<\/h2>\n<h4 class=\"thin-font\">Oddajte povpra\u0161anje in v najkraj\u0161em mo\u017enem \u010dasu boste dobili odgovor!<\/h4>\n\t\t\n<style>\n#text-4157111269 {\n  font-size: 1.15rem;\n  line-height: 1.45;\n  color: rgb(255, 255, 255);\n}\n#text-4157111269 > * {\n  color: rgb(255, 255, 255);\n}\n@media (min-width:550px) {\n  #text-4157111269 {\n    font-size: 1.75rem;\n  }\n}\n<\/style>\n\t<\/div>\n\t\n<div class=\"text-center\"><div class=\"is-divider divider clearfix\" style=\"max-width:600px;height:2px;background-color:rgb(245, 129, 32);\"><\/div><\/div>\n\n\n\t\t<div class=\"icon-box featured-box icon-box-center text-center is-large\"  >\n\t\t\t\t\t<div class=\"icon-box-img\" style=\"width: 205px\">\n\t\t\t\t<div class=\"icon\">\n\t\t\t\t\t<div class=\"icon-inner\" style=\"color:rgb(252, 252, 252);\">\n\t\t\t\t\t\t<img decoding=\"async\" width=\"300\" height=\"148\" src=\"https:\/\/web31231595.lab1.almamater.si\/wp-content\/uploads\/2024\/01\/zaga_logo-300x148.png\" class=\"attachment-medium size-medium\" alt=\"\" srcset=\"https:\/\/web31231595.lab1.almamater.si\/wp-content\/uploads\/2024\/01\/zaga_logo-300x148.png 300w, https:\/\/web31231595.lab1.almamater.si\/wp-content\/uploads\/2024\/01\/zaga_logo.png 376w\" sizes=\"(max-width: 300px) 100vw, 300px\" \/>\t\t\t\t\t<\/div>\n\t\t\t\t<\/div>\n\t\t\t<\/div>\n\t\t\t\t<div class=\"icon-box-text last-reset\">\n\t\t\t\t\t\t\t\t\t\n\n<div class=\"container section-title-container\" ><h4 class=\"section-title section-title-center\"><b><\/b><span class=\"section-title-main\" style=\"color:rgb(245, 129, 32);\">KONTAKT PODJETJA<\/span><b><\/b><\/h4><\/div>\n\n\t<div id=\"text-3715566106\" class=\"text\">\n\t\t\n\n<p>Telefonska \u0161tevilka: +386 (0)3 759 21 70 (uprava)<\/p>\n<p>E-po\u0161ta: info@zaga-cugmajster.si<\/p>\n\t\t\n<style>\n#text-3715566106 {\n  font-size: 1rem;\n  line-height: 0.95;\n  color: rgb(255, 255, 255);\n}\n#text-3715566106 > * {\n  color: rgb(255, 255, 255);\n}\n<\/style>\n\t<\/div>\n\t\n\n\t\t<\/div>\n\t<\/div>\n\t\n\t\n<div class=\"is-divider divider clearfix\" ><\/div>\n\n<div class=\"social-icons follow-icons full-width text-center\" style=\"font-size:111%\"><a href=\"krneki\" target=\"_blank\" rel=\"noopener noreferrer nofollow\" data-label=\"Facebook\" class=\"icon button circle is-outline facebook tooltip\" title=\"Sledi na Facebook\" aria-label=\"Sledi na Facebook\" ><i class=\"icon-facebook\" ><\/i><\/a><a href=\"krneki\" target=\"_blank\" rel=\"noopener noreferrer nofollow\" data-label=\"Instagram\" class=\"icon button circle is-outline instagram tooltip\" title=\"Sledi nam na Instagramu\" aria-label=\"Sledi nam na Instagramu\" ><i class=\"icon-instagram\" ><\/i><\/a><a href=\"krneki\" data-label=\"Twitter\" target=\"_blank\" rel=\"noopener noreferrer nofollow\" class=\"icon button circle is-outline twitter tooltip\" title=\"Sledi na Twitter\" aria-label=\"Sledi na Twitter\" ><i class=\"icon-twitter\" ><\/i><\/a><a href=\"krneki\" data-label=\"LinkedIn\" target=\"_blank\" rel=\"noopener noreferrer nofollow\" class=\"icon button circle is-outline linkedin tooltip\" title=\"Sledi na LinkedIn\" aria-label=\"Sledi na LinkedIn\" ><i class=\"icon-linkedin\" ><\/i><\/a><\/div>\n\n\n\t\t<\/div>\n\t\t\t\t\t<\/div>\n\n\t\n\n\t<div id=\"col-228769571\" class=\"col medium-5 small-12 large-5\"  >\n\t\t\t\t<div class=\"col-inner text-left\"  >\n\t\t\t\n\t\t\t\n\n\n<div class=\"wpcf7 no-js\" id=\"wpcf7-f1655-o1\" lang=\"sl-SI\" dir=\"ltr\">\n<div class=\"screen-reader-response\"><p role=\"status\" aria-live=\"polite\" aria-atomic=\"true\"><\/p> <ul><\/ul><\/div>\n<form action=\"\/index.php?rest_route=%2Fwp%2Fv2%2Fpages%2F1640#wpcf7-f1655-o1\" method=\"post\" class=\"wpcf7-form init\" aria-label=\"Contact form\" novalidate=\"novalidate\" data-status=\"init\">\n<div style=\"display: none;\">\n<input type=\"hidden\" name=\"_wpcf7\" value=\"1655\" \/>\n<input type=\"hidden\" name=\"_wpcf7_version\" value=\"5.9.8\" \/>\n<input type=\"hidden\" name=\"_wpcf7_locale\" value=\"sl_SI\" \/>\n<input type=\"hidden\" name=\"_wpcf7_unit_tag\" value=\"wpcf7-f1655-o1\" \/>\n<input type=\"hidden\" name=\"_wpcf7_container_post\" value=\"0\" \/>\n<input type=\"hidden\" name=\"_wpcf7_posted_data_hash\" value=\"\" \/>\n<\/div>\n<p><label> Va\u0161e ime<br \/>\n<span class=\"wpcf7-form-control-wrap\" data-name=\"your-name\"><input size=\"40\" maxlength=\"400\" class=\"wpcf7-form-control wpcf7-text wpcf7-validates-as-required\" autocomplete=\"name\" aria-required=\"true\" aria-invalid=\"false\" value=\"\" type=\"text\" name=\"your-name\" \/><\/span> <\/label>\n<\/p>\n<p><label> Va\u0161a e-po\u0161ta<br \/>\n<span class=\"wpcf7-form-control-wrap\" data-name=\"your-email\"><input size=\"40\" maxlength=\"400\" class=\"wpcf7-form-control wpcf7-email wpcf7-validates-as-required wpcf7-text wpcf7-validates-as-email\" autocomplete=\"email\" aria-required=\"true\" aria-invalid=\"false\" value=\"\" type=\"email\" name=\"your-email\" \/><\/span> <\/label>\n<\/p>\n<p><label> Va\u0161a telefonska \u0161tevilka<br \/>\n<span class=\"wpcf7-form-control-wrap\" data-name=\"Telefonskatevilka\"><input size=\"40\" maxlength=\"400\" class=\"wpcf7-form-control wpcf7-tel wpcf7-text wpcf7-validates-as-tel\" aria-invalid=\"false\" value=\"\" type=\"tel\" name=\"Telefonskatevilka\" \/><\/span> <\/label>\n<\/p>\n<p><label> Zadeva<br \/>\n<span class=\"wpcf7-form-control-wrap\" data-name=\"your-subject\"><input size=\"40\" maxlength=\"400\" class=\"wpcf7-form-control wpcf7-text wpcf7-validates-as-required\" aria-required=\"true\" aria-invalid=\"false\" value=\"\" type=\"text\" name=\"your-subject\" \/><\/span> <\/label>\n<\/p>\n<p><label> Va\u0161e sporo\u010dilo (neobvezno)<br \/>\n<span class=\"wpcf7-form-control-wrap\" data-name=\"your-message\"><textarea cols=\"40\" rows=\"10\" maxlength=\"2000\" class=\"wpcf7-form-control wpcf7-textarea\" aria-invalid=\"false\" name=\"your-message\"><\/textarea><\/span> <\/label>\n<\/p>\n<p><input class=\"wpcf7-form-control wpcf7-submit has-spinner\" type=\"submit\" value=\"Po\u0161lji\" \/>\n<\/p><div class=\"wpcf7-response-output\" aria-hidden=\"true\"><\/div>\n<\/form>\n<\/div>\n\n\n<div class=\"text-center\"><div class=\"is-divider divider clearfix\" style=\"height:0px;\"><\/div><\/div>\n\n\n\t\t<\/div>\n\t\t\t\t\t<\/div>\n\n\t\n\n<\/div>\n\n\t\t<\/div>\n\n\t\t\n<style>\n#section_1544012914 {\n  padding-top: 120px;\n  padding-bottom: 120px;\n  background-color: rgba(255, 255, 255, 0.901);\n}\n#section_1544012914 .section-bg-overlay {\n  background-color: rgba(0, 0, 0, 0.564);\n}\n#section_1544012914 .section-bg.bg-loaded {\n  background-image: url(https:\/\/web31231595.lab1.almamater.si\/wp-content\/uploads\/2024\/01\/76760-Road-Forest-Log-WoodRoad-4k-Ultra-HD-Wallpaper-scaled.jpg);\n}\n#section_1544012914 .section-bg {\n  background-position: 82% 82%;\n}\n<\/style>\n\t<\/section>\n\t\n\n","protected":false},"excerpt":{"rendered":"","protected":false},"author":1,"featured_media":1616,"parent":0,"menu_order":0,"comment_status":"closed","ping_status":"closed","template":"elementor_header_footer","meta":{"footnotes":""},"aioseo_notices":[],"_links":{"self":[{"href":"https:\/\/web31231595.lab1.almamater.si\/index.php?rest_route=\/wp\/v2\/pages\/1640"}],"collection":[{"href":"https:\/\/web31231595.lab1.almamater.si\/index.php?rest_route=\/wp\/v2\/pages"}],"about":[{"href":"https:\/\/web31231595.lab1.almamater.si\/index.php?rest_route=\/wp\/v2\/types\/page"}],"author":[{"embeddable":true,"href":"https:\/\/web31231595.lab1.almamater.si\/index.php?rest_route=\/wp\/v2\/users\/1"}],"replies":[{"embeddable":true,"href":"https:\/\/web31231595.lab1.almamater.si\/index.php?rest_route=%2Fwp%2Fv2%2Fcomments&post=1640"}],"version-history":[{"count":13,"href":"https:\/\/web31231595.lab1.almamater.si\/index.php?rest_route=\/wp\/v2\/pages\/1640\/revisions"}],"predecessor-version":[{"id":1867,"href":"https:\/\/web31231595.lab1.almamater.si\/index.php?rest_route=\/wp\/v2\/pages\/1640\/revisions\/1867"}],"wp:featuredmedia":[{"embeddable":true,"href":"https:\/\/web31231595.lab1.almamater.si\/index.php?rest_route=\/wp\/v2\/media\/1616"}],"wp:attachment":[{"href":"https:\/\/web31231595.lab1.almamater.si\/index.php?rest_route=%2Fwp%2Fv2%2Fmedia&parent=1640"}],"curies":[{"name":"wp","href":"https:\/\/api.w.org\/{rel}","templated":true}]}}