{"id":1597,"date":"2024-01-08T20:09:54","date_gmt":"2024-01-08T20:09:54","guid":{"rendered":"http:\/\/web31231595.lab1.almamater.si\/?page_id=1597"},"modified":"2024-01-13T13:11:33","modified_gmt":"2024-01-13T13:11:33","slug":"o-nas","status":"publish","type":"page","link":"https:\/\/web31231595.lab1.almamater.si\/?page_id=1597","title":{"rendered":"O nas"},"content":{"rendered":"\n<div class=\"container section-title-container\" ><h1 class=\"section-title section-title-center\"><b><\/b><span class=\"section-title-main\" style=\"font-size:151%;color:rgb(245, 129, 32);\">O na\u0161em podjetju<\/span><b><\/b><\/h1><\/div>\n\n<div class=\"text-center\"><div class=\"is-divider divider clearfix\" ><\/div><\/div>\n\n\t<section class=\"section\" id=\"section_1439704865\">\n\t\t<div class=\"bg section-bg fill bg-fill  bg-loaded\" >\n\n\t\t\t\n\t\t\t\n\t\t\t\n\n\t\t<\/div>\n\n\t\t\n\n\t\t<div class=\"section-content relative\">\n\t\t\t\n\n<div class=\"row\"  id=\"row-2141474238\">\n\n\n\t<div id=\"col-1690050198\" class=\"col medium-6 small-12 large-6\"  >\n\t\t\t\t<div class=\"col-inner\"  >\n\t\t\t\n\t\t\t\n\n\t<div id=\"text-3235471706\" class=\"text\">\n\t\t\n\n<h3 class=\"uppercase\">\u017dAGA CUGMAJSTER<\/h3>\n<p>Dobrodo\u0161li v svetu \u017dagarstva Cugmajster, kjer se tradicija in strast do lesa prepletata \u017ee ve\u010d kot 25 let. Kot dru\u017einsko podjetje, ki sodi med srednje velika v panogi, obratujemo s \u0161tirimi modernimi \u017eagami, specializiranimi za razrez razli\u010dnih vrst hlodovine.<\/p>\n<p>Na\u0161a zavezanost kakovosti se odra\u017ea v vsakem koraku proizvodnje. Ne le, da nudimo vrhunski razrez lesa, temve\u010d tudi sodobne su\u0161ilnice, parjenje, impregnacijo po \u017eelji kupca in organizacijo prevoza. Raznolikost na\u0161ega proizvodnega programa vklju\u010duje tudi izdelavo lesnih sekancev, briketov in peleto<\/p>\n\t\t\n<style>\n#text-3235471706 {\n  font-size: 0.75rem;\n  line-height: 1.6;\n  text-align: center;\n}\n@media (min-width:550px) {\n  #text-3235471706 {\n    font-size: 1.5rem;\n  }\n}\n<\/style>\n\t<\/div>\n\t\n\n\t\t<\/div>\n\t\t\t\t\t<\/div>\n\n\t\n\n\t<div id=\"col-908773221\" class=\"col medium-6 small-12 large-6\"  >\n\t\t\t\t<div class=\"col-inner\"  >\n\t\t\t\n\t\t\t\n\n\t<div class=\"img has-hover x md-x lg-x y md-y lg-y\" id=\"image_527750234\">\n\t\t\t\t\t\t\t\t<div class=\"img-inner dark\" >\n\t\t\t<img fetchpriority=\"high\" decoding=\"async\" width=\"600\" height=\"400\" src=\"https:\/\/web31231595.lab1.almamater.si\/wp-content\/uploads\/2024\/01\/6.jpg\" class=\"attachment-original size-original\" alt=\"\" srcset=\"https:\/\/web31231595.lab1.almamater.si\/wp-content\/uploads\/2024\/01\/6.jpg 600w, https:\/\/web31231595.lab1.almamater.si\/wp-content\/uploads\/2024\/01\/6-300x200.jpg 300w\" sizes=\"(max-width: 600px) 100vw, 600px\" \/>\t\t\t\t\t\t\n\t\t\t\t\t<\/div>\n\t\t\t\t\t\t\t\t\n<style>\n#image_527750234 {\n  width: 100%;\n}\n<\/style>\n\t<\/div>\n\t\n\n\n\t\t<\/div>\n\t\t\t\t\t<\/div>\n\n\t\n\n<\/div>\n\n\t\t<\/div>\n\n\t\t\n<style>\n#section_1439704865 {\n  padding-top: 30px;\n  padding-bottom: 30px;\n}\n<\/style>\n\t<\/section>\n\t\n\t<section class=\"section\" id=\"section_90184453\">\n\t\t<div class=\"bg section-bg fill bg-fill  bg-loaded\" >\n\n\t\t\t\n\t\t\t\n\t\t\t\n\n\t\t<\/div>\n\n\t\t\n\n\t\t<div class=\"section-content relative\">\n\t\t\t\n\n<div class=\"row\"  id=\"row-142242499\">\n\n\n\t<div id=\"col-1957690327\" class=\"col medium-6 small-12 large-6\"  >\n\t\t\t\t<div class=\"col-inner\"  >\n\t\t\t\n\t\t\t\n\n\t<div class=\"img has-hover x md-x lg-x y md-y lg-y\" id=\"image_1039499303\">\n\t\t\t\t\t\t\t\t<div class=\"img-inner dark\" >\n\t\t\t<img decoding=\"async\" width=\"587\" height=\"390\" src=\"https:\/\/web31231595.lab1.almamater.si\/wp-content\/uploads\/2024\/01\/IndexFile.webp\" class=\"attachment-original size-original\" alt=\"\" srcset=\"https:\/\/web31231595.lab1.almamater.si\/wp-content\/uploads\/2024\/01\/IndexFile.webp 587w, https:\/\/web31231595.lab1.almamater.si\/wp-content\/uploads\/2024\/01\/IndexFile-300x199.webp 300w\" sizes=\"(max-width: 587px) 100vw, 587px\" \/>\t\t\t\t\t\t\n\t\t\t\t\t<\/div>\n\t\t\t\t\t\t\t\t\n<style>\n#image_1039499303 {\n  width: 100%;\n}\n<\/style>\n\t<\/div>\n\t\n\n\n\t\t<\/div>\n\t\t\t\t\t<\/div>\n\n\t\n\n\t<div id=\"col-684847108\" class=\"col medium-6 small-12 large-6\"  >\n\t\t\t\t<div class=\"col-inner\"  >\n\t\t\t\n\t\t\t\n\n\t<div id=\"text-2844525552\" class=\"text\">\n\t\t\n\n<h3 class=\"uppercase\">OBLIKUJEMO NARAVO!<\/h3>\n<p>Z ve\u010d kot polovico proizvodnje, natan\u010dneje 55%, usmerjene na doma\u010di trg, ter 30% izvoza na obmo\u010dje biv\u0161e Jugoslavije, gradimo mednarodno prepoznavnost na\u0161ih izdelkov. Poslovni uspeh temelji na \u0161irokem prodajnem asortimanu kakovostnega lesa, visoki kvaliteti razreza ter profesionalnem in prijaznem odnosu do na\u0161ih cenjenih strank.<\/p>\n<p>S ponosom gradimo mostove med tradicijo in sodobnostjo, med lokalnim in mednarodnim trgom.<\/p>\n\t\t\n<style>\n#text-2844525552 {\n  font-size: 0.75rem;\n  line-height: 2.15;\n  text-align: center;\n}\n@media (min-width:550px) {\n  #text-2844525552 {\n    font-size: 1.55rem;\n  }\n}\n<\/style>\n\t<\/div>\n\t\n\n\t\t<\/div>\n\t\t\t\t\t<\/div>\n\n\t\n\n<\/div>\n\n\t\t<\/div>\n\n\t\t\n<style>\n#section_90184453 {\n  padding-top: 30px;\n  padding-bottom: 30px;\n}\n<\/style>\n\t<\/section>\n\t\n\t<div class=\"box has-hover   has-hover box-shadow-3 box-shadow-2-hover box-text-bottom\" >\n\n\t\t<div class=\"box-image\" style=\"width:16%;\">\n\t\t\t\t\t\t<div class=\"image-glow\" >\n\t\t\t\t<img decoding=\"async\" width=\"340\" height=\"227\" src=\"https:\/\/web31231595.lab1.almamater.si\/wp-content\/uploads\/2024\/01\/3.png\" class=\"attachment-original size-original\" alt=\"\" srcset=\"https:\/\/web31231595.lab1.almamater.si\/wp-content\/uploads\/2024\/01\/3.png 340w, https:\/\/web31231595.lab1.almamater.si\/wp-content\/uploads\/2024\/01\/3-300x200.png 300w\" sizes=\"(max-width: 340px) 100vw, 340px\" \/>\t\t\t\t\t\t\t\t\t\t\t<\/div>\n\t\t\t\t\t<\/div>\n\n\t\t<div class=\"box-text text-center dark\" style=\"background-color:rgb(245, 129, 32);padding:0px 0px 0px 0px;\">\n\t\t\t<div class=\"box-text-inner\">\n\t\t\t\t\n\n\t<div id=\"text-3002366831\" class=\"text\">\n\t\t\n\n<p>BONITETNA OCENA PODJETJA<\/p>\n\t\t\n<style>\n#text-3002366831 {\n  font-size: 1.2rem;\n}\n<\/style>\n\t<\/div>\n\t\n\n\t\t\t<\/div>\n\t\t<\/div>\n\t<\/div>\n\t\n<div class=\"text-center\"><div class=\"is-divider divider clearfix\" style=\"max-width:200px;height:5px;\"><\/div><\/div>\n\n<div class=\"container section-title-container\" ><h4 class=\"section-title section-title-center\"><b><\/b><span class=\"section-title-main\" style=\"font-size:126%;color:rgb(245, 129, 32);\">Lokacija na\u0161ega podjetja<\/span><b><\/b><\/h4><\/div>\n\n<div class=\"row\"  id=\"row-1267435931\">\n\n\n\t<div id=\"col-989885825\" class=\"col medium-3 small-12 large-3\"  >\n\t\t\t\t<div class=\"col-inner\"  >\n\t\t\t\n\t\t\t\n\n\n\t\t<\/div>\n\t\t\t\t\t<\/div>\n\n\t\n\n\t<div id=\"col-1986551939\" class=\"col medium-6 small-12 large-6\"  >\n\t\t\t\t<div class=\"col-inner\"  >\n\t\t\t\n\t\t\t\n\n\n\n<iframe src=\"https:\/\/www.google.com\/maps\/embed?pb=!1m18!1m12!1m3!1d334.7491190467758!2d15.491040146600454!3d46.300619419331454!2m3!1f0!2f0!3f0!3m2!1i1024!2i768!4f13.1!3m3!1m2!1s0x47658366ca78c1a1%3A0x49393039f4c7bf22!2sRAZREZ%20HLODOVINE%20IN%20IZDELAVA%20PREDMETOV%20IZ%20LESA%2C%20CUGMAJSTER%20ALOJZ%2C%20s.p.!5e0!3m2!1sbs!2ssi!4v1705150292039!5m2!1sbs!2ssi\" width=\"800\" height=\"500\" style=\"border:0;\" allowfullscreen=\"\" loading=\"lazy\" referrerpolicy=\"no-referrer-when-downgrade\"><\/iframe>\n\n\n\t\t<\/div>\n\t\t\t\t\t<\/div>\n\n\t\n\n\t<div id=\"col-313990226\" class=\"col medium-3 small-12 large-3\"  >\n\t\t\t\t<div class=\"col-inner\"  >\n\t\t\t\n\t\t\t\n\n\n\t\t<\/div>\n\t\t\t\t\t<\/div>\n\n\t\n\n<\/div>\n<div class=\"container section-title-container\" ><h3 class=\"section-title section-title-center\"><b><\/b><span class=\"section-title-main\" style=\"color:rgb(245, 129, 32);\">Sodelujte z nami in do\u017eivite vrhunsko lesno izku\u0161njo, ki jo prina\u0161a \u017dagarstvo Cugmajster.<\/span><b><\/b><\/h3><\/div>\n\n\n","protected":false},"excerpt":{"rendered":"","protected":false},"author":1,"featured_media":0,"parent":0,"menu_order":0,"comment_status":"closed","ping_status":"closed","template":"","meta":{"footnotes":""},"aioseo_notices":[],"_links":{"self":[{"href":"https:\/\/web31231595.lab1.almamater.si\/index.php?rest_route=\/wp\/v2\/pages\/1597"}],"collection":[{"href":"https:\/\/web31231595.lab1.almamater.si\/index.php?rest_route=\/wp\/v2\/pages"}],"about":[{"href":"https:\/\/web31231595.lab1.almamater.si\/index.php?rest_route=\/wp\/v2\/types\/page"}],"author":[{"embeddable":true,"href":"https:\/\/web31231595.lab1.almamater.si\/index.php?rest_route=\/wp\/v2\/users\/1"}],"replies":[{"embeddable":true,"href":"https:\/\/web31231595.lab1.almamater.si\/index.php?rest_route=%2Fwp%2Fv2%2Fcomments&post=1597"}],"version-history":[{"count":19,"href":"https:\/\/web31231595.lab1.almamater.si\/index.php?rest_route=\/wp\/v2\/pages\/1597\/revisions"}],"predecessor-version":[{"id":1865,"href":"https:\/\/web31231595.lab1.almamater.si\/index.php?rest_route=\/wp\/v2\/pages\/1597\/revisions\/1865"}],"wp:attachment":[{"href":"https:\/\/web31231595.lab1.almamater.si\/index.php?rest_route=%2Fwp%2Fv2%2Fmedia&parent=1597"}],"curies":[{"name":"wp","href":"https:\/\/api.w.org\/{rel}","templated":true}]}}