{"id":1591,"date":"2024-01-08T20:09:26","date_gmt":"2024-01-08T20:09:26","guid":{"rendered":"http:\/\/web31231595.lab1.almamater.si\/?page_id=1591"},"modified":"2024-01-11T20:48:00","modified_gmt":"2024-01-11T20:48:00","slug":"obvestila","status":"publish","type":"page","link":"https:\/\/web31231595.lab1.almamater.si\/?page_id=1591","title":{"rendered":"Obvestila"},"content":{"rendered":"\n<div class=\"container section-title-container\" ><h1 class=\"section-title section-title-center\"><b><\/b><span class=\"section-title-main\" style=\"color:rgb(245, 129, 32);\"><i class=\"icon-envelop\" ><\/i>VSE OBJAVE<\/span><b><\/b><\/h1><\/div>\n\n\n  \n    <div class=\"row large-columns-4 medium-columns-3 small-columns-1 has-shadow row-box-shadow-1 slider row-slider slider-nav-reveal\"  data-flickity-options='{\"imagesLoaded\": true, \"groupCells\": \"100%\", \"dragThreshold\" : 5, \"cellAlign\": \"left\",\"wrapAround\": true,\"prevNextButtons\": true,\"percentPosition\": true,\"pageDots\": false, \"rightToLeft\": false, \"autoPlay\" : false}' >\n\n  <div class=\"col post-item\" >\n\t\t\t<div class=\"col-inner\">\n\t\t\t\t<div class=\"box box-overlay dark box-text-bottom box-blog-post has-hover\">\n            \t\t\t\t\t<div class=\"box-image\" >\n  \t\t\t\t\t\t<div class=\"image-zoom image-cover\" style=\"padding-top:144%;\">\n\t\t\t\t\t\t\t<a href=\"https:\/\/web31231595.lab1.almamater.si\/?p=1806\" class=\"plain\" aria-label=\"Podpora slovenskem gospodarstvu\">\n\t\t\t\t\t\t\t\t<img decoding=\"async\" width=\"240\" height=\"136\" src=\"https:\/\/web31231595.lab1.almamater.si\/wp-content\/uploads\/2024\/01\/Euro-240x136-1.jpg\" class=\"attachment-medium size-medium wp-post-image\" alt=\"\" \/>\t\t\t\t\t\t\t<\/a>\n  \t\t\t\t\t\t\t<div class=\"overlay\" style=\"background-color: rgba(0, 0, 0, 0.17)\"><\/div>  \t\t\t\t\t\t\t  \t\t\t\t\t\t<\/div>\n  \t\t\t\t\t\t  \t\t\t\t\t<\/div>\n          \t\t\t\t\t<div class=\"box-text text-center\" >\n\t\t\t\t\t<div class=\"box-text-inner blog-post-inner\">\n\n\t\t\t\t\t\n\t\t\t\t\t\t\t\t\t\t<h5 class=\"post-title is-large uppercase\">\n\t\t\t\t\t\t<a href=\"https:\/\/web31231595.lab1.almamater.si\/?p=1806\" class=\"plain\">Podpora slovenskem gospodarstvu<\/a>\n\t\t\t\t\t<\/h5>\n\t\t\t\t\t<div class=\"post-meta is-small op-8\">11 januarja, 2024<\/div>\t\t\t\t\t<div class=\"is-divider\"><\/div>\n\t\t\t\t\t\t\t\t\t\t<p class=\"from_the_blog_excerpt \">Interventni ukrepi v podporo slovenskemu gospodarstvu Ljubljana, 20. 3. 2020 \u2013 Vlada RS je doslej [...]\t\t\t\t\t<\/p>\n\t\t\t\t\t                    \n\t\t\t\t\t\n\t\t\t\t\t\n\t\t\t\t\t<\/div>\n\t\t\t\t\t<\/div>\n\t\t\t\t\t\t\t\t\t<\/div>\n\t\t\t<\/div>\n\t\t<\/div><div class=\"col post-item\" >\n\t\t\t<div class=\"col-inner\">\n\t\t\t\t<div class=\"box box-overlay dark box-text-bottom box-blog-post has-hover\">\n            \t\t\t\t\t<div class=\"box-image\" >\n  \t\t\t\t\t\t<div class=\"image-zoom image-cover\" style=\"padding-top:144%;\">\n\t\t\t\t\t\t\t<a href=\"https:\/\/web31231595.lab1.almamater.si\/?p=1801\" class=\"plain\" aria-label=\"Javni nate\u010daj za podelitev 3. nacionalne nagrade za naj-leseno gradnjo 2020\">\n\t\t\t\t\t\t\t\t<img decoding=\"async\" width=\"240\" height=\"136\" src=\"https:\/\/web31231595.lab1.almamater.si\/wp-content\/uploads\/2024\/01\/DSC9969_tm-2-1-240x136-1.jpg\" class=\"attachment-medium size-medium wp-post-image\" alt=\"\" \/>\t\t\t\t\t\t\t<\/a>\n  \t\t\t\t\t\t\t<div class=\"overlay\" style=\"background-color: rgba(0, 0, 0, 0.17)\"><\/div>  \t\t\t\t\t\t\t  \t\t\t\t\t\t<\/div>\n  \t\t\t\t\t\t  \t\t\t\t\t<\/div>\n          \t\t\t\t\t<div class=\"box-text text-center\" >\n\t\t\t\t\t<div class=\"box-text-inner blog-post-inner\">\n\n\t\t\t\t\t\n\t\t\t\t\t\t\t\t\t\t<h5 class=\"post-title is-large uppercase\">\n\t\t\t\t\t\t<a href=\"https:\/\/web31231595.lab1.almamater.si\/?p=1801\" class=\"plain\">Javni nate\u010daj za podelitev 3. nacionalne nagrade za naj-leseno gradnjo 2020<\/a>\n\t\t\t\t\t<\/h5>\n\t\t\t\t\t<div class=\"post-meta is-small op-8\">11 januarja, 2024<\/div>\t\t\t\t\t<div class=\"is-divider\"><\/div>\n\t\t\t\t\t\t\t\t\t\t<p class=\"from_the_blog_excerpt \">SPIRIT Slovenija je objavil&nbsp;javni nate\u010daj za podelitev 3. nacionalne nagrade za naj-leseno gradnjo 2020. Namen [...]\t\t\t\t\t<\/p>\n\t\t\t\t\t                    \n\t\t\t\t\t\n\t\t\t\t\t\n\t\t\t\t\t<\/div>\n\t\t\t\t\t<\/div>\n\t\t\t\t\t\t\t\t\t<\/div>\n\t\t\t<\/div>\n\t\t<\/div><div class=\"col post-item\" >\n\t\t\t<div class=\"col-inner\">\n\t\t\t\t<div class=\"box box-overlay dark box-text-bottom box-blog-post has-hover\">\n            \t\t\t\t\t<div class=\"box-image\" >\n  \t\t\t\t\t\t<div class=\"image-zoom image-cover\" style=\"padding-top:144%;\">\n\t\t\t\t\t\t\t<a href=\"https:\/\/web31231595.lab1.almamater.si\/?p=1782\" class=\"plain\" aria-label=\"SRE\u010cNO NOVO LETO\">\n\t\t\t\t\t\t\t\t<img fetchpriority=\"high\" decoding=\"async\" width=\"300\" height=\"300\" src=\"https:\/\/web31231595.lab1.almamater.si\/wp-content\/uploads\/2024\/01\/srecno-novo-leto-e-voscilnica-gc0153-1-300x300.jpg\" class=\"attachment-medium size-medium wp-post-image\" alt=\"\" srcset=\"https:\/\/web31231595.lab1.almamater.si\/wp-content\/uploads\/2024\/01\/srecno-novo-leto-e-voscilnica-gc0153-1-300x300.jpg 300w, https:\/\/web31231595.lab1.almamater.si\/wp-content\/uploads\/2024\/01\/srecno-novo-leto-e-voscilnica-gc0153-1-150x150.jpg 150w, https:\/\/web31231595.lab1.almamater.si\/wp-content\/uploads\/2024\/01\/srecno-novo-leto-e-voscilnica-gc0153-1-768x768.jpg 768w, https:\/\/web31231595.lab1.almamater.si\/wp-content\/uploads\/2024\/01\/srecno-novo-leto-e-voscilnica-gc0153-1.jpg 1000w\" sizes=\"(max-width: 300px) 100vw, 300px\" \/>\t\t\t\t\t\t\t<\/a>\n  \t\t\t\t\t\t\t<div class=\"overlay\" style=\"background-color: rgba(0, 0, 0, 0.17)\"><\/div>  \t\t\t\t\t\t\t  \t\t\t\t\t\t<\/div>\n  \t\t\t\t\t\t  \t\t\t\t\t<\/div>\n          \t\t\t\t\t<div class=\"box-text text-center\" >\n\t\t\t\t\t<div class=\"box-text-inner blog-post-inner\">\n\n\t\t\t\t\t\n\t\t\t\t\t\t\t\t\t\t<h5 class=\"post-title is-large uppercase\">\n\t\t\t\t\t\t<a href=\"https:\/\/web31231595.lab1.almamater.si\/?p=1782\" class=\"plain\">SRE\u010cNO NOVO LETO<\/a>\n\t\t\t\t\t<\/h5>\n\t\t\t\t\t<div class=\"post-meta is-small op-8\">10 januarja, 2024<\/div>\t\t\t\t\t<div class=\"is-divider\"><\/div>\n\t\t\t\t\t\t\t\t\t\t<p class=\"from_the_blog_excerpt \">Sre\u010dno in uspe\u010dno novo leto \u017eeli vam ekipa \u017daga Cugmajster! [...]\t\t\t\t\t<\/p>\n\t\t\t\t\t                    \n\t\t\t\t\t\n\t\t\t\t\t\n\t\t\t\t\t<\/div>\n\t\t\t\t\t<\/div>\n\t\t\t\t\t\t\t\t\t<\/div>\n\t\t\t<\/div>\n\t\t<\/div><div class=\"col post-item\" >\n\t\t\t<div class=\"col-inner\">\n\t\t\t\t<div class=\"box box-overlay dark box-text-bottom box-blog-post has-hover\">\n            \t\t\t\t\t<div class=\"box-image\" >\n  \t\t\t\t\t\t<div class=\"image-zoom image-cover\" style=\"padding-top:144%;\">\n\t\t\t\t\t\t\t<a href=\"https:\/\/web31231595.lab1.almamater.si\/?p=1709\" class=\"plain\" aria-label=\"Konferenca Forest for Better Future\">\n\t\t\t\t\t\t\t\t<img loading=\"lazy\" decoding=\"async\" width=\"240\" height=\"136\" src=\"https:\/\/web31231595.lab1.almamater.si\/wp-content\/uploads\/2024\/01\/2016-08-04-18.04.16-240x136-1.jpg\" class=\"attachment-medium size-medium wp-post-image\" alt=\"\" \/>\t\t\t\t\t\t\t<\/a>\n  \t\t\t\t\t\t\t<div class=\"overlay\" style=\"background-color: rgba(0, 0, 0, 0.17)\"><\/div>  \t\t\t\t\t\t\t  \t\t\t\t\t\t<\/div>\n  \t\t\t\t\t\t  \t\t\t\t\t<\/div>\n          \t\t\t\t\t<div class=\"box-text text-center\" >\n\t\t\t\t\t<div class=\"box-text-inner blog-post-inner\">\n\n\t\t\t\t\t\n\t\t\t\t\t\t\t\t\t\t<h5 class=\"post-title is-large uppercase\">\n\t\t\t\t\t\t<a href=\"https:\/\/web31231595.lab1.almamater.si\/?p=1709\" class=\"plain\">Konferenca Forest for Better Future<\/a>\n\t\t\t\t\t<\/h5>\n\t\t\t\t\t<div class=\"post-meta is-small op-8\">10 januarja, 2024<\/div>\t\t\t\t\t<div class=\"is-divider\"><\/div>\n\t\t\t\t\t\t\t\t\t\t<p class=\"from_the_blog_excerpt \">V leto\u0161njem letu bo prva virtualna konferenca \u201cThe 1st International Electronic Conference on Forests \u2014 [...]\t\t\t\t\t<\/p>\n\t\t\t\t\t                    \n\t\t\t\t\t\n\t\t\t\t\t\n\t\t\t\t\t<\/div>\n\t\t\t\t\t<\/div>\n\t\t\t\t\t\t\t\t\t<\/div>\n\t\t\t<\/div>\n\t\t<\/div><\/div>\n\n\n","protected":false},"excerpt":{"rendered":"","protected":false},"author":1,"featured_media":0,"parent":0,"menu_order":0,"comment_status":"closed","ping_status":"closed","template":"","meta":{"footnotes":""},"aioseo_notices":[],"_links":{"self":[{"href":"https:\/\/web31231595.lab1.almamater.si\/index.php?rest_route=\/wp\/v2\/pages\/1591"}],"collection":[{"href":"https:\/\/web31231595.lab1.almamater.si\/index.php?rest_route=\/wp\/v2\/pages"}],"about":[{"href":"https:\/\/web31231595.lab1.almamater.si\/index.php?rest_route=\/wp\/v2\/types\/page"}],"author":[{"embeddable":true,"href":"https:\/\/web31231595.lab1.almamater.si\/index.php?rest_route=\/wp\/v2\/users\/1"}],"replies":[{"embeddable":true,"href":"https:\/\/web31231595.lab1.almamater.si\/index.php?rest_route=%2Fwp%2Fv2%2Fcomments&post=1591"}],"version-history":[{"count":4,"href":"https:\/\/web31231595.lab1.almamater.si\/index.php?rest_route=\/wp\/v2\/pages\/1591\/revisions"}],"predecessor-version":[{"id":1804,"href":"https:\/\/web31231595.lab1.almamater.si\/index.php?rest_route=\/wp\/v2\/pages\/1591\/revisions\/1804"}],"wp:attachment":[{"href":"https:\/\/web31231595.lab1.almamater.si\/index.php?rest_route=%2Fwp%2Fv2%2Fmedia&parent=1591"}],"curies":[{"name":"wp","href":"https:\/\/api.w.org\/{rel}","templated":true}]}}