{"id":1588,"date":"2024-01-08T20:08:50","date_gmt":"2024-01-08T20:08:50","guid":{"rendered":"http:\/\/web31231595.lab1.almamater.si\/?page_id=1588"},"modified":"2024-01-13T12:12:13","modified_gmt":"2024-01-13T12:12:13","slug":"dejavnosti","status":"publish","type":"page","link":"https:\/\/web31231595.lab1.almamater.si\/?page_id=1588","title":{"rendered":"Dejavnosti"},"content":{"rendered":"\n<div class=\"container section-title-container\" ><h1 class=\"section-title section-title-center\"><b><\/b><span class=\"section-title-main\" style=\"font-size:165%;color:rgb(245, 129, 32);\"><i class=\"icon-angle-down\" ><\/i>DEJAVNOSTI<\/span><b><\/b><\/h1><\/div>\n\n\t<section class=\"section\" id=\"section_1078910627\">\n\t\t<div class=\"bg section-bg fill bg-fill  bg-loaded\" >\n\n\t\t\t\n\t\t\t<div class=\"section-bg-overlay absolute fill\"><\/div>\n\t\t\t\n\n\t\t<\/div>\n\n\t\t\n\n\t\t<div class=\"section-content relative\">\n\t\t\t\n\n<div class=\"row row-collapse row-full-width align-middle\"  id=\"row-1612550008\">\n\n\n\t<div id=\"col-2038467858\" class=\"col medium-5 small-12 large-5\"  >\n\t\t\t\t<div class=\"col-inner text-center\"  >\n\t\t\t\n\t\t\t\n\n\t<div id=\"text-2562882355\" class=\"text\">\n\t\t\n\n<p>\u00a0<\/p>\n<h2>Razrez hlodovine<\/h2>\n<p>Strokovno izvajanje preciznega razreza debelih hlodov v raznolike lesene elemente, ustvarjajo\u010d mozaik naravne lepote in funkcionalnosti.<\/p>\n\t\t\n<style>\n#text-2562882355 {\n  font-size: 0.85rem;\n  line-height: 1.45;\n  text-align: center;\n}\n@media (min-width:550px) {\n  #text-2562882355 {\n    font-size: 1.6rem;\n  }\n}\n<\/style>\n\t<\/div>\n\t\n<a href=\"?page_id=1640\" target=\"_self\" class=\"button secondary\"  >\n    <span>KONTAKTIRAJ NAS<\/span>\n  <i class=\"icon-phone\" aria-hidden=\"true\" ><\/i><\/a>\n\n\n\n\t\t<\/div>\n\t\t\t\t\n<style>\n#col-2038467858 > .col-inner {\n  padding: 10% 10% 10% 10%;\n  margin: 0px 0px 0px 0px;\n  max-width: 540px;\n}\n@media (min-width:550px) {\n  #col-2038467858 > .col-inner {\n    padding: 10% 10% 10% 10%;\n    max-width: 520px;\n  }\n}\n<\/style>\n\t<\/div>\n\n\t\n\n\t<div id=\"col-1474380964\" class=\"col medium-7 small-12 large-7\"  >\n\t\t\t\t<div class=\"col-inner\"  >\n\t\t\t\n\t\t\t\n\n\t<div class=\"img has-hover x md-x lg-x y md-y lg-y\" id=\"image_335189721\">\n\t\t\t\t\t\t\t\t<div class=\"img-inner dark\" >\n\t\t\t<img fetchpriority=\"high\" decoding=\"async\" width=\"577\" height=\"390\" src=\"https:\/\/web31231595.lab1.almamater.si\/wp-content\/uploads\/2024\/01\/zaganje-hlodovine-savinjska-2.png.webp\" class=\"attachment-large size-large\" alt=\"\" srcset=\"https:\/\/web31231595.lab1.almamater.si\/wp-content\/uploads\/2024\/01\/zaganje-hlodovine-savinjska-2.png.webp 577w, https:\/\/web31231595.lab1.almamater.si\/wp-content\/uploads\/2024\/01\/zaganje-hlodovine-savinjska-2.png-300x203.webp 300w\" sizes=\"(max-width: 577px) 100vw, 577px\" \/>\t\t\t\t\t\t\n\t\t\t\t\t<\/div>\n\t\t\t\t\t\t\t\t\n<style>\n#image_335189721 {\n  width: 100%;\n}\n<\/style>\n\t<\/div>\n\t\n\n\n\t\t<\/div>\n\t\t\t\t\t<\/div>\n\n\t\n\n<\/div>\n\n\t\t<\/div>\n\n\t\t\n<style>\n#section_1078910627 {\n  padding-top: 0px;\n  padding-bottom: 0px;\n  background-color: rgb(247, 247, 247);\n}\n#section_1078910627 .section-bg-overlay {\n  background-color: rgba(255, 255, 255, 0.85);\n}\n<\/style>\n\t<\/section>\n\t\n\t<section class=\"section\" id=\"section_65970542\">\n\t\t<div class=\"bg section-bg fill bg-fill  bg-loaded\" >\n\n\t\t\t\n\t\t\t<div class=\"section-bg-overlay absolute fill\"><\/div>\n\t\t\t\n\n\t\t<\/div>\n\n\t\t\n\n\t\t<div class=\"section-content relative\">\n\t\t\t\n\n<div class=\"row row-collapse row-full-width align-middle\"  id=\"row-1279381902\">\n\n\n\t<div id=\"col-841821587\" class=\"col medium-7 small-12 large-7\"  >\n\t\t\t\t<div class=\"col-inner\"  >\n\t\t\t\n\t\t\t\n\n\t<div class=\"img has-hover x md-x lg-x y md-y lg-y\" id=\"image_193462896\">\n\t\t\t\t\t\t\t\t<div class=\"img-inner dark\" >\n\t\t\t<img decoding=\"async\" width=\"1020\" height=\"574\" src=\"https:\/\/web31231595.lab1.almamater.si\/wp-content\/uploads\/2024\/01\/j4hiXTHoSlaHSE1BHvgx_marissa-daeger-iW9iaL-gjX8-unsplash-1024x576.jpg\" class=\"attachment-large size-large\" alt=\"\" srcset=\"https:\/\/web31231595.lab1.almamater.si\/wp-content\/uploads\/2024\/01\/j4hiXTHoSlaHSE1BHvgx_marissa-daeger-iW9iaL-gjX8-unsplash-1024x576.jpg 1024w, https:\/\/web31231595.lab1.almamater.si\/wp-content\/uploads\/2024\/01\/j4hiXTHoSlaHSE1BHvgx_marissa-daeger-iW9iaL-gjX8-unsplash-300x169.jpg 300w, https:\/\/web31231595.lab1.almamater.si\/wp-content\/uploads\/2024\/01\/j4hiXTHoSlaHSE1BHvgx_marissa-daeger-iW9iaL-gjX8-unsplash-768x432.jpg 768w, https:\/\/web31231595.lab1.almamater.si\/wp-content\/uploads\/2024\/01\/j4hiXTHoSlaHSE1BHvgx_marissa-daeger-iW9iaL-gjX8-unsplash.jpg 1280w\" sizes=\"(max-width: 1020px) 100vw, 1020px\" \/>\t\t\t\t\t\t\n\t\t\t\t\t<\/div>\n\t\t\t\t\t\t\t\t\n<style>\n#image_193462896 {\n  width: 100%;\n}\n<\/style>\n\t<\/div>\n\t\n\n\n\t\t<\/div>\n\t\t\t\t\t<\/div>\n\n\t\n\n\t<div id=\"col-1767326607\" class=\"col medium-5 small-12 large-5\"  >\n\t\t\t\t<div class=\"col-inner text-center\"  >\n\t\t\t\n\t\t\t\n\n\t<div id=\"text-3283676853\" class=\"text\">\n\t\t\n\n<p>\u00a0<\/p>\n<h2>Izdelava razli\u010dnih dimenzij lesa<\/h2>\n<p>Umetni\u0161ko obvladovanje lesa, pri \u010demer se spretno ustvarjajo raznovrstne dimenzije, ki slu\u017eijo kot osnova za eleganco in funkcionalnost.<\/p>\n\t\t\n<style>\n#text-3283676853 {\n  font-size: 0.85rem;\n  text-align: center;\n}\n@media (min-width:550px) {\n  #text-3283676853 {\n    font-size: 1.6rem;\n  }\n}\n<\/style>\n\t<\/div>\n\t\n<a href=\"?page_id=1640\" target=\"_self\" class=\"button secondary\"  >\n    <span>KONTAKTIRAJ NAS<\/span>\n  <i class=\"icon-phone\" aria-hidden=\"true\" ><\/i><\/a>\n\n\n\n\t\t<\/div>\n\t\t\t\t\n<style>\n#col-1767326607 > .col-inner {\n  padding: 10% 10% 10% 10%;\n  max-width: 520px;\n}\n<\/style>\n\t<\/div>\n\n\t\n\n<\/div>\n\n\t\t<\/div>\n\n\t\t\n<style>\n#section_65970542 {\n  padding-top: 0px;\n  padding-bottom: 0px;\n  background-color: rgb(247, 247, 247);\n}\n#section_65970542 .section-bg-overlay {\n  background-color: rgba(255, 255, 255, 0.85);\n}\n<\/style>\n\t<\/section>\n\t\n\t<section class=\"section\" id=\"section_675573130\">\n\t\t<div class=\"bg section-bg fill bg-fill  bg-loaded\" >\n\n\t\t\t\n\t\t\t<div class=\"section-bg-overlay absolute fill\"><\/div>\n\t\t\t\n\n\t\t<\/div>\n\n\t\t\n\n\t\t<div class=\"section-content relative\">\n\t\t\t\n\n<div class=\"row row-collapse row-full-width align-middle\"  id=\"row-659800218\">\n\n\n\t<div id=\"col-353411233\" class=\"col medium-5 small-12 large-5\"  >\n\t\t\t\t<div class=\"col-inner text-center\"  >\n\t\t\t\n\t\t\t\n\n\t<div id=\"text-1820475149\" class=\"text\">\n\t\t\n\n<p>\u00a0<\/p>\n<h2>Izdelava palet<\/h2>\n<p>\u00a0Izpopolnjevanje lesa v ustvarjalne palete, ki ne samo zagotavljajo trdnost, temve\u010d tudi estetsko dovr\u0161enost za raznolike transportne in skladi\u0161\u010dne potrebe.<\/p>\n\t\t\n<style>\n#text-1820475149 {\n  font-size: 0.9rem;\n  text-align: center;\n}\n@media (min-width:550px) {\n  #text-1820475149 {\n    font-size: 1.6rem;\n  }\n}\n<\/style>\n\t<\/div>\n\t\n<a href=\"?page_id=1640\" target=\"_self\" class=\"button secondary\"  >\n    <span>KONTAKTIRAJ NAS<\/span>\n  <i class=\"icon-phone\" aria-hidden=\"true\" ><\/i><\/a>\n\n\n\n\t\t<\/div>\n\t\t\t\t\n<style>\n#col-353411233 > .col-inner {\n  padding: 10% 10% 10% 10%;\n  max-width: 520px;\n}\n<\/style>\n\t<\/div>\n\n\t\n\n\t<div id=\"col-1949948281\" class=\"col medium-7 small-12 large-7\"  >\n\t\t\t\t<div class=\"col-inner\"  >\n\t\t\t\n\t\t\t\n\n\t<div class=\"img has-hover x md-x lg-x y md-y lg-y\" id=\"image_366497797\">\n\t\t\t\t\t\t\t\t<div class=\"img-inner dark\" >\n\t\t\t<img decoding=\"async\" width=\"1020\" height=\"765\" src=\"https:\/\/web31231595.lab1.almamater.si\/wp-content\/uploads\/2024\/01\/Izdelava-lesenih-palet-38-1024x768.webp\" class=\"attachment-large size-large\" alt=\"\" srcset=\"https:\/\/web31231595.lab1.almamater.si\/wp-content\/uploads\/2024\/01\/Izdelava-lesenih-palet-38-1024x768.webp 1024w, https:\/\/web31231595.lab1.almamater.si\/wp-content\/uploads\/2024\/01\/Izdelava-lesenih-palet-38-300x225.webp 300w, https:\/\/web31231595.lab1.almamater.si\/wp-content\/uploads\/2024\/01\/Izdelava-lesenih-palet-38-768x576.webp 768w, https:\/\/web31231595.lab1.almamater.si\/wp-content\/uploads\/2024\/01\/Izdelava-lesenih-palet-38-1536x1152.webp 1536w, https:\/\/web31231595.lab1.almamater.si\/wp-content\/uploads\/2024\/01\/Izdelava-lesenih-palet-38.webp 1800w\" sizes=\"(max-width: 1020px) 100vw, 1020px\" \/>\t\t\t\t\t\t\n\t\t\t\t\t<\/div>\n\t\t\t\t\t\t\t\t\n<style>\n#image_366497797 {\n  width: 100%;\n}\n<\/style>\n\t<\/div>\n\t\n\n\n\t\t<\/div>\n\t\t\t\t\t<\/div>\n\n\t\n\n<\/div>\n\n\t\t<\/div>\n\n\t\t\n<style>\n#section_675573130 {\n  padding-top: 0px;\n  padding-bottom: 0px;\n  background-color: rgb(247, 247, 247);\n}\n#section_675573130 .section-bg-overlay {\n  background-color: rgba(255, 255, 255, 0.85);\n}\n<\/style>\n\t<\/section>\n\t\n\t<section class=\"section\" id=\"section_1370631963\">\n\t\t<div class=\"bg section-bg fill bg-fill  bg-loaded\" >\n\n\t\t\t\n\t\t\t<div class=\"section-bg-overlay absolute fill\"><\/div>\n\t\t\t\n\n\t\t<\/div>\n\n\t\t\n\n\t\t<div class=\"section-content relative\">\n\t\t\t\n\n<div class=\"row row-collapse row-full-width align-middle\"  id=\"row-1369635115\">\n\n\n\t<div id=\"col-1378904323\" class=\"col medium-7 small-12 large-7\"  >\n\t\t\t\t<div class=\"col-inner\"  >\n\t\t\t\n\t\t\t\n\n\t<div class=\"img has-hover x md-x lg-x y md-y lg-y\" id=\"image_1104190086\">\n\t\t\t\t\t\t\t\t<div class=\"img-inner dark\" >\n\t\t\t<img loading=\"lazy\" decoding=\"async\" width=\"1020\" height=\"680\" src=\"https:\/\/web31231595.lab1.almamater.si\/wp-content\/uploads\/2024\/01\/susenje-lesa-6-1024x683.jpg\" class=\"attachment-large size-large\" alt=\"\" srcset=\"https:\/\/web31231595.lab1.almamater.si\/wp-content\/uploads\/2024\/01\/susenje-lesa-6-1024x683.jpg 1024w, https:\/\/web31231595.lab1.almamater.si\/wp-content\/uploads\/2024\/01\/susenje-lesa-6-300x200.jpg 300w, https:\/\/web31231595.lab1.almamater.si\/wp-content\/uploads\/2024\/01\/susenje-lesa-6-768x513.jpg 768w, https:\/\/web31231595.lab1.almamater.si\/wp-content\/uploads\/2024\/01\/susenje-lesa-6.jpg 1329w\" sizes=\"(max-width: 1020px) 100vw, 1020px\" \/>\t\t\t\t\t\t\n\t\t\t\t\t<\/div>\n\t\t\t\t\t\t\t\t\n<style>\n#image_1104190086 {\n  width: 100%;\n}\n<\/style>\n\t<\/div>\n\t\n\n\n\t\t<\/div>\n\t\t\t\t\t<\/div>\n\n\t\n\n\t<div id=\"col-2142897870\" class=\"col medium-5 small-12 large-5\"  >\n\t\t\t\t<div class=\"col-inner text-center\"  >\n\t\t\t\n\t\t\t\n\n\t<div id=\"text-3849177089\" class=\"text\">\n\t\t\n\n<p>\u00a0<\/p>\n<h2>Su\u0161enje lesa<\/h2>\n<p>Skrbno in nadzorovano su\u0161enje lesa, ki omogo\u010da ohranjanje naravne lepote in mo\u010di, pripravljajo\u010d les za nadaljnjo preobrazbo v izjemne izdelke.<\/p>\n\t\t\n<style>\n#text-3849177089 {\n  font-size: 0.85rem;\n  text-align: center;\n}\n@media (min-width:550px) {\n  #text-3849177089 {\n    font-size: 1.6rem;\n  }\n}\n<\/style>\n\t<\/div>\n\t\n<a href=\"?page_id=1640\" target=\"_self\" class=\"button secondary\"  >\n    <span>KONTAKTIRAJ NAS<\/span>\n  <i class=\"icon-phone\" aria-hidden=\"true\" ><\/i><\/a>\n\n\n\n\t\t<\/div>\n\t\t\t\t\n<style>\n#col-2142897870 > .col-inner {\n  padding: 10% 10% 10% 10%;\n  max-width: 520px;\n}\n<\/style>\n\t<\/div>\n\n\t\n\n<\/div>\n\n\t\t<\/div>\n\n\t\t\n<style>\n#section_1370631963 {\n  padding-top: 0px;\n  padding-bottom: 0px;\n  background-color: rgb(247, 247, 247);\n}\n#section_1370631963 .section-bg-overlay {\n  background-color: rgba(255, 255, 255, 0.85);\n}\n<\/style>\n\t<\/section>\n\t\n\t<section class=\"section\" id=\"section_119890049\">\n\t\t<div class=\"bg section-bg fill bg-fill  bg-loaded\" >\n\n\t\t\t\n\t\t\t<div class=\"section-bg-overlay absolute fill\"><\/div>\n\t\t\t\n\n\t\t<\/div>\n\n\t\t\n\n\t\t<div class=\"section-content relative\">\n\t\t\t\n\n<div class=\"row row-collapse row-full-width align-middle\"  id=\"row-186917902\">\n\n\n\t<div id=\"col-257699736\" class=\"col medium-5 small-12 large-5\"  >\n\t\t\t\t<div class=\"col-inner text-center\"  >\n\t\t\t\n\t\t\t\n\n\t<div id=\"text-51655082\" class=\"text\">\n\t\t\n\n<p>\u00a0<\/p>\n<h2>Parjenje lesa<\/h2>\n<p>Strokovna metoda obdelave lesa, kjer se z natan\u010dnim parjenjem dose\u017ee optimalna trdnost in pro\u017enost, ustvarjajo\u010d les z izjemnimi lastnostmi.<\/p>\n\t\t\n<style>\n#text-51655082 {\n  font-size: 1.15rem;\n  text-align: center;\n}\n@media (min-width:550px) {\n  #text-51655082 {\n    font-size: 1.6rem;\n  }\n}\n<\/style>\n\t<\/div>\n\t\n<a href=\"?page_id=1640\" target=\"_self\" class=\"button secondary\"  >\n    <span>KONTAKTIRAJ NAS<\/span>\n  <i class=\"icon-phone\" aria-hidden=\"true\" ><\/i><\/a>\n\n\n\n\t\t<\/div>\n\t\t\t\t\n<style>\n#col-257699736 > .col-inner {\n  padding: 10% 10% 10% 10%;\n  max-width: 520px;\n}\n<\/style>\n\t<\/div>\n\n\t\n\n\t<div id=\"col-208834173\" class=\"col medium-7 small-12 large-7\"  >\n\t\t\t\t<div class=\"col-inner\"  >\n\t\t\t\n\t\t\t\n\n\t<div class=\"img has-hover x md-x lg-x y md-y lg-y\" id=\"image_600152470\">\n\t\t\t\t\t\t\t\t<div class=\"img-inner dark\" >\n\t\t\t<img loading=\"lazy\" decoding=\"async\" width=\"1020\" height=\"680\" src=\"https:\/\/web31231595.lab1.almamater.si\/wp-content\/uploads\/2024\/01\/Tom_Young_Tom_Raffield_NEW_LOW_RES-179_23cbe910-d6ac-40d4-87d8-e2f4e7193a58-1024x683.webp\" class=\"attachment-large size-large\" alt=\"\" srcset=\"https:\/\/web31231595.lab1.almamater.si\/wp-content\/uploads\/2024\/01\/Tom_Young_Tom_Raffield_NEW_LOW_RES-179_23cbe910-d6ac-40d4-87d8-e2f4e7193a58-1024x683.webp 1024w, https:\/\/web31231595.lab1.almamater.si\/wp-content\/uploads\/2024\/01\/Tom_Young_Tom_Raffield_NEW_LOW_RES-179_23cbe910-d6ac-40d4-87d8-e2f4e7193a58-300x200.webp 300w, https:\/\/web31231595.lab1.almamater.si\/wp-content\/uploads\/2024\/01\/Tom_Young_Tom_Raffield_NEW_LOW_RES-179_23cbe910-d6ac-40d4-87d8-e2f4e7193a58-768x512.webp 768w, https:\/\/web31231595.lab1.almamater.si\/wp-content\/uploads\/2024\/01\/Tom_Young_Tom_Raffield_NEW_LOW_RES-179_23cbe910-d6ac-40d4-87d8-e2f4e7193a58-1536x1024.webp 1536w, https:\/\/web31231595.lab1.almamater.si\/wp-content\/uploads\/2024\/01\/Tom_Young_Tom_Raffield_NEW_LOW_RES-179_23cbe910-d6ac-40d4-87d8-e2f4e7193a58-2048x1365.webp 2048w\" sizes=\"(max-width: 1020px) 100vw, 1020px\" \/>\t\t\t\t\t\t\n\t\t\t\t\t<\/div>\n\t\t\t\t\t\t\t\t\n<style>\n#image_600152470 {\n  width: 100%;\n}\n<\/style>\n\t<\/div>\n\t\n\n\n\t\t<\/div>\n\t\t\t\t\t<\/div>\n\n\t\n\n<\/div>\n\n\t\t<\/div>\n\n\t\t\n<style>\n#section_119890049 {\n  padding-top: 0px;\n  padding-bottom: 0px;\n  background-color: rgb(247, 247, 247);\n}\n#section_119890049 .section-bg-overlay {\n  background-color: rgba(255, 255, 255, 0.85);\n}\n<\/style>\n\t<\/section>\n\t\n\t<section class=\"section\" id=\"section_740924659\">\n\t\t<div class=\"bg section-bg fill bg-fill  bg-loaded\" >\n\n\t\t\t\n\t\t\t<div class=\"section-bg-overlay absolute fill\"><\/div>\n\t\t\t\n\n\t\t<\/div>\n\n\t\t\n\n\t\t<div class=\"section-content relative\">\n\t\t\t\n\n<div class=\"row row-collapse row-full-width align-middle\"  id=\"row-365182448\">\n\n\n\t<div id=\"col-843462127\" class=\"col medium-7 small-12 large-7\"  >\n\t\t\t\t<div class=\"col-inner\"  >\n\t\t\t\n\t\t\t\n\n\t<div class=\"img has-hover x md-x lg-x y md-y lg-y\" id=\"image_767988418\">\n\t\t\t\t\t\t\t\t<div class=\"img-inner dark\" >\n\t\t\t<img loading=\"lazy\" decoding=\"async\" width=\"1020\" height=\"765\" src=\"https:\/\/web31231595.lab1.almamater.si\/wp-content\/uploads\/2024\/01\/impregnation_plant-1024x768.jpg\" class=\"attachment-large size-large\" alt=\"\" srcset=\"https:\/\/web31231595.lab1.almamater.si\/wp-content\/uploads\/2024\/01\/impregnation_plant-1024x768.jpg 1024w, https:\/\/web31231595.lab1.almamater.si\/wp-content\/uploads\/2024\/01\/impregnation_plant-300x225.jpg 300w, https:\/\/web31231595.lab1.almamater.si\/wp-content\/uploads\/2024\/01\/impregnation_plant-768x576.jpg 768w, https:\/\/web31231595.lab1.almamater.si\/wp-content\/uploads\/2024\/01\/impregnation_plant.jpg 1280w\" sizes=\"(max-width: 1020px) 100vw, 1020px\" \/>\t\t\t\t\t\t\n\t\t\t\t\t<\/div>\n\t\t\t\t\t\t\t\t\n<style>\n#image_767988418 {\n  width: 100%;\n}\n<\/style>\n\t<\/div>\n\t\n\n\n\t\t<\/div>\n\t\t\t\t\t<\/div>\n\n\t\n\n\t<div id=\"col-617898822\" class=\"col medium-5 small-12 large-5\"  >\n\t\t\t\t<div class=\"col-inner text-center\"  >\n\t\t\t\n\t\t\t\n\n\t<div id=\"text-1592913931\" class=\"text\">\n\t\t\n\n<p>\u00a0<\/p>\n<h2>Impregniranje lesa<\/h2>\n<p>Inovativno obdelovanje lesa z impregnacijskimi sredstvi, ki ne le pove\u010duje trajnost, temve\u010d tudi ohranja estetsko vrednost, ustvarjajo\u010d les z dolgotrajno \u017eivljenjsko dobo.<\/p>\n\t\t\n<style>\n#text-1592913931 {\n  font-size: 0.9rem;\n  text-align: center;\n}\n@media (min-width:550px) {\n  #text-1592913931 {\n    font-size: 1.6rem;\n  }\n}\n<\/style>\n\t<\/div>\n\t\n<a href=\"?page_id=1640\" target=\"_self\" class=\"button secondary\"  >\n    <span>KONTAKTIRAJ NAS<\/span>\n  <i class=\"icon-phone\" aria-hidden=\"true\" ><\/i><\/a>\n\n\n\n\t\t<\/div>\n\t\t\t\t\n<style>\n#col-617898822 > .col-inner {\n  padding: 10% 10% 10% 10%;\n  max-width: 520px;\n}\n<\/style>\n\t<\/div>\n\n\t\n\n<\/div>\n<div class=\"container section-title-container\" ><h4 class=\"section-title section-title-center\"><b><\/b><span class=\"section-title-main\" style=\"color:rgb(245, 129, 32);\"><i class=\"icon-checkmark\" ><\/i>Za organizacijo transporta blaga poskrbimo mi \ud83d\ude9a<\/span><b><\/b><\/h4><\/div>\n\n\n\t\t<\/div>\n\n\t\t\n<style>\n#section_740924659 {\n  padding-top: 0px;\n  padding-bottom: 0px;\n  background-color: rgb(247, 247, 247);\n}\n#section_740924659 .section-bg-overlay {\n  background-color: rgba(255, 255, 255, 0.85);\n}\n<\/style>\n\t<\/section>\n\t\n\n","protected":false},"excerpt":{"rendered":"","protected":false},"author":1,"featured_media":0,"parent":0,"menu_order":0,"comment_status":"closed","ping_status":"closed","template":"","meta":{"footnotes":""},"aioseo_notices":[],"_links":{"self":[{"href":"https:\/\/web31231595.lab1.almamater.si\/index.php?rest_route=\/wp\/v2\/pages\/1588"}],"collection":[{"href":"https:\/\/web31231595.lab1.almamater.si\/index.php?rest_route=\/wp\/v2\/pages"}],"about":[{"href":"https:\/\/web31231595.lab1.almamater.si\/index.php?rest_route=\/wp\/v2\/types\/page"}],"author":[{"embeddable":true,"href":"https:\/\/web31231595.lab1.almamater.si\/index.php?rest_route=\/wp\/v2\/users\/1"}],"replies":[{"embeddable":true,"href":"https:\/\/web31231595.lab1.almamater.si\/index.php?rest_route=%2Fwp%2Fv2%2Fcomments&post=1588"}],"version-history":[{"count":14,"href":"https:\/\/web31231595.lab1.almamater.si\/index.php?rest_route=\/wp\/v2\/pages\/1588\/revisions"}],"predecessor-version":[{"id":1850,"href":"https:\/\/web31231595.lab1.almamater.si\/index.php?rest_route=\/wp\/v2\/pages\/1588\/revisions\/1850"}],"wp:attachment":[{"href":"https:\/\/web31231595.lab1.almamater.si\/index.php?rest_route=%2Fwp%2Fv2%2Fmedia&parent=1588"}],"curies":[{"name":"wp","href":"https:\/\/api.w.org\/{rel}","templated":true}]}}